{"id":247,"date":"2017-08-18T14:08:06","date_gmt":"2017-08-18T14:08:06","guid":{"rendered":"http:\/\/www.gt3themes.com\/wordpress-themes\/pure\/?page_id=247"},"modified":"2026-01-15T16:46:30","modified_gmt":"2026-01-15T16:46:30","slug":"about-our-studio","status":"publish","type":"page","link":"https:\/\/sandiecolombet.com\/index.php\/about-our-studio\/","title":{"rendered":"\u00c1 propos"},"content":{"rendered":"<p><img loading=\"lazy\" decoding=\"async\" width=\"2560\" height=\"1312\" src=\"http:\/\/sandiecolombet.com\/wp-content\/uploads\/2021\/10\/illu-apropos-scaled.jpg\" alt=\"\" srcset=\"https:\/\/sandiecolombet.com\/wp-content\/uploads\/2021\/10\/illu-apropos-scaled.jpg 2560w, https:\/\/sandiecolombet.com\/wp-content\/uploads\/2021\/10\/illu-apropos-300x154.jpg 300w, https:\/\/sandiecolombet.com\/wp-content\/uploads\/2021\/10\/illu-apropos-1024x525.jpg 1024w, https:\/\/sandiecolombet.com\/wp-content\/uploads\/2021\/10\/illu-apropos-768x394.jpg 768w, https:\/\/sandiecolombet.com\/wp-content\/uploads\/2021\/10\/illu-apropos-1536x787.jpg 1536w, https:\/\/sandiecolombet.com\/wp-content\/uploads\/2021\/10\/illu-apropos-2048x1050.jpg 2048w\" sizes=\"auto, (max-width: 2560px) 100vw, 2560px\" \/>\t\t\t\t\t\t\t\t\t\t\t\t\t<\/p>\n<h3>Quelques mots sur moi&#8230;<\/h3>\n<p>Bonjour, je m&#8217;appelle Sandie Colombet. Je suis Webdesign, UI \/ UX designer, graphiste, int\u00e9gratrice, form\u00e9e tout r\u00e9cemment comme cheffe de projet&#8230; et peintre \u00e0 mes heures perdues \ud83d\ude42<br \/>\nJ&#8217;aime cr\u00e9er de belles interfaces, ergonomiques en ad\u00e9quation avec les orientations strat\u00e9giques et marketing afin de proposer une exp\u00e9rience utilisateur efficace.<\/p>\n","protected":false},"excerpt":{"rendered":"<p>Quelques mots sur moi&#8230; Bonjour, je m&#8217;appelle Sandie Colombet. Je suis Webdesign, UI \/ UX designer, graphiste, int\u00e9gratrice, form\u00e9e tout r\u00e9cemment comme cheffe de projet&#8230; et peintre \u00e0 mes heures perdues \ud83d\ude42 J&#8217;aime cr\u00e9er de belles interfaces, ergonomiques en ad\u00e9quation avec les orientations strat\u00e9giques et marketing afin de proposer une exp\u00e9rience utilisateur efficace.<\/p>\n","protected":false},"author":2,"featured_media":789,"parent":0,"menu_order":0,"comment_status":"open","ping_status":"closed","template":"","meta":{"footnotes":""},"class_list":["post-247","page","type-page","status-publish","has-post-thumbnail","hentry"],"_links":{"self":[{"href":"https:\/\/sandiecolombet.com\/index.php\/wp-json\/wp\/v2\/pages\/247","targetHints":{"allow":["GET"]}}],"collection":[{"href":"https:\/\/sandiecolombet.com\/index.php\/wp-json\/wp\/v2\/pages"}],"about":[{"href":"https:\/\/sandiecolombet.com\/index.php\/wp-json\/wp\/v2\/types\/page"}],"author":[{"embeddable":true,"href":"https:\/\/sandiecolombet.com\/index.php\/wp-json\/wp\/v2\/users\/2"}],"replies":[{"embeddable":true,"href":"https:\/\/sandiecolombet.com\/index.php\/wp-json\/wp\/v2\/comments?post=247"}],"version-history":[{"count":7,"href":"https:\/\/sandiecolombet.com\/index.php\/wp-json\/wp\/v2\/pages\/247\/revisions"}],"predecessor-version":[{"id":964,"href":"https:\/\/sandiecolombet.com\/index.php\/wp-json\/wp\/v2\/pages\/247\/revisions\/964"}],"wp:featuredmedia":[{"embeddable":true,"href":"https:\/\/sandiecolombet.com\/index.php\/wp-json\/wp\/v2\/media\/789"}],"wp:attachment":[{"href":"https:\/\/sandiecolombet.com\/index.php\/wp-json\/wp\/v2\/media?parent=247"}],"curies":[{"name":"wp","href":"https:\/\/api.w.org\/{rel}","templated":true}]}}